{"id":12146,"date":"2024-12-13T15:30:49","date_gmt":"2024-12-13T14:30:49","guid":{"rendered":"https:\/\/cinier-b.com\/particuliers\/?post_type=product&#038;p=12146"},"modified":"2026-04-29T09:34:28","modified_gmt":"2026-04-29T08:34:28","slug":"duo-douceur","status":"publish","type":"product","link":"https:\/\/cinier-b.com\/particuliers\/boutique\/nos-packs\/contre-la-peau-seche\/duo-douceur\/","title":{"rendered":"Duo douceur"},"content":{"rendered":"<ul>\n<li>Pain alep : Authentique savonnette d\u2019Alep Olive &amp; laurier, 82% d\u2019huile. Hypoallerg\u00e9nique, 100g, pour les peaux normales \u00e0 s\u00e8ches.<\/li>\n<li>Pain d\u2019argile : Soin dermatologique naturel \u00e0 l\u2019argile et sans savon. Pour l\u2019exfoliation des peaux \u00e0 probl\u00e8mes, normales \u00e0 mixtes.<\/li>\n<\/ul>\n","protected":false},"excerpt":{"rendered":"<p>D\u00e9couvrez le coffret douceur : savon d\u2019Alep authentique et pain d\u2019argile pour une peau purifi\u00e9e et sublim\u00e9e.<\/p>\n","protected":false},"featured_media":12147,"template":"","meta":[],"product_brand":[],"product_cat":[148,153,55,29],"product_tag":[],"class_list":{"0":"post-12146","1":"product","2":"type-product","3":"status-publish","4":"has-post-thumbnail","6":"product_cat-contre-la-peau-seche","7":"product_cat-nos-packs","8":"product_cat-packs-autour-du-bain","9":"product_cat-savons-dalep-et-produits-autour-du-bain","11":"first","12":"instock","13":"sale","14":"taxable","15":"shipping-taxable","16":"purchasable","17":"product-type-simple"},"yoast_head":"<!-- This site is optimized with the Yoast SEO plugin v25.5 - https:\/\/yoast.com\/wordpress\/plugins\/seo\/ -->\n<title>Duo douceur - Particuliers - Cinier-B Laboratoires<\/title>\n<meta name=\"robots\" content=\"index, follow, max-snippet:-1, max-image-preview:large, max-video-preview:-1\" \/>\n<link rel=\"canonical\" href=\"https:\/\/cinier-b.com\/particuliers\/boutique\/nos-packs\/contre-la-peau-seche\/duo-douceur\/\" \/>\n<meta property=\"og:locale\" content=\"fr_FR\" \/>\n<meta property=\"og:type\" content=\"article\" \/>\n<meta property=\"og:title\" content=\"Duo douceur - Particuliers - Cinier-B Laboratoires\" \/>\n<meta property=\"og:description\" content=\"D\u00e9couvrez le coffret douceur : savon d\u2019Alep authentique et pain d\u2019argile pour une peau purifi\u00e9e et sublim\u00e9e.\" \/>\n<meta property=\"og:url\" content=\"https:\/\/cinier-b.com\/particuliers\/boutique\/nos-packs\/contre-la-peau-seche\/duo-douceur\/\" \/>\n<meta property=\"og:site_name\" content=\"Particuliers - Cinier-B Laboratoires\" \/>\n<meta property=\"article:modified_time\" content=\"2026-04-29T08:34:28+00:00\" \/>\n<meta property=\"og:image\" content=\"https:\/\/cinier-b.com\/particuliers\/wp-content\/uploads\/2024\/12\/Un-diffuseur-12.png\" \/>\n\t<meta property=\"og:image:width\" content=\"1080\" \/>\n\t<meta property=\"og:image:height\" content=\"1080\" \/>\n\t<meta property=\"og:image:type\" content=\"image\/png\" \/>\n<meta name=\"twitter:card\" content=\"summary_large_image\" \/>\n<meta name=\"twitter:label1\" content=\"Dur\u00e9e de lecture estim\u00e9e\" \/>\n\t<meta name=\"twitter:data1\" content=\"1 minute\" \/>\n<script type=\"application\/ld+json\" class=\"yoast-schema-graph\">{\"@context\":\"https:\/\/schema.org\",\"@graph\":[{\"@type\":\"WebPage\",\"@id\":\"https:\/\/cinier-b.com\/particuliers\/boutique\/nos-packs\/contre-la-peau-seche\/duo-douceur\/\",\"url\":\"https:\/\/cinier-b.com\/particuliers\/boutique\/nos-packs\/contre-la-peau-seche\/duo-douceur\/\",\"name\":\"Duo douceur - Particuliers - Cinier-B Laboratoires\",\"isPartOf\":{\"@id\":\"https:\/\/cinier-b.com\/particuliers\/#website\"},\"primaryImageOfPage\":{\"@id\":\"https:\/\/cinier-b.com\/particuliers\/boutique\/nos-packs\/contre-la-peau-seche\/duo-douceur\/#primaryimage\"},\"image\":{\"@id\":\"https:\/\/cinier-b.com\/particuliers\/boutique\/nos-packs\/contre-la-peau-seche\/duo-douceur\/#primaryimage\"},\"thumbnailUrl\":\"https:\/\/cinier-b.com\/particuliers\/wp-content\/uploads\/2024\/12\/Un-diffuseur-12.png\",\"datePublished\":\"2024-12-13T14:30:49+00:00\",\"dateModified\":\"2026-04-29T08:34:28+00:00\",\"breadcrumb\":{\"@id\":\"https:\/\/cinier-b.com\/particuliers\/boutique\/nos-packs\/contre-la-peau-seche\/duo-douceur\/#breadcrumb\"},\"inLanguage\":\"fr-FR\",\"potentialAction\":[{\"@type\":\"ReadAction\",\"target\":[\"https:\/\/cinier-b.com\/particuliers\/boutique\/nos-packs\/contre-la-peau-seche\/duo-douceur\/\"]}]},{\"@type\":\"ImageObject\",\"inLanguage\":\"fr-FR\",\"@id\":\"https:\/\/cinier-b.com\/particuliers\/boutique\/nos-packs\/contre-la-peau-seche\/duo-douceur\/#primaryimage\",\"url\":\"https:\/\/cinier-b.com\/particuliers\/wp-content\/uploads\/2024\/12\/Un-diffuseur-12.png\",\"contentUrl\":\"https:\/\/cinier-b.com\/particuliers\/wp-content\/uploads\/2024\/12\/Un-diffuseur-12.png\",\"width\":1080,\"height\":1080},{\"@type\":\"BreadcrumbList\",\"@id\":\"https:\/\/cinier-b.com\/particuliers\/boutique\/nos-packs\/contre-la-peau-seche\/duo-douceur\/#breadcrumb\",\"itemListElement\":[{\"@type\":\"ListItem\",\"position\":1,\"name\":\"Accueil\",\"item\":\"https:\/\/cinier-b.com\/particuliers\/soins-naturels-particuliers\/\"},{\"@type\":\"ListItem\",\"position\":2,\"name\":\"Boutique\",\"item\":\"https:\/\/cinier-b.com\/particuliers\/boutique\/\"},{\"@type\":\"ListItem\",\"position\":3,\"name\":\"Duo douceur\"}]},{\"@type\":\"WebSite\",\"@id\":\"https:\/\/cinier-b.com\/particuliers\/#website\",\"url\":\"https:\/\/cinier-b.com\/particuliers\/\",\"name\":\"Particuliers - Cinier-B Laboratoires\",\"description\":\"Aromatherapie et podologie\",\"potentialAction\":[{\"@type\":\"SearchAction\",\"target\":{\"@type\":\"EntryPoint\",\"urlTemplate\":\"https:\/\/cinier-b.com\/particuliers\/?s={search_term_string}\"},\"query-input\":{\"@type\":\"PropertyValueSpecification\",\"valueRequired\":true,\"valueName\":\"search_term_string\"}}],\"inLanguage\":\"fr-FR\"}]}<\/script>\n<!-- \/ Yoast SEO plugin. -->","yoast_head_json":{"title":"Duo douceur - Particuliers - Cinier-B Laboratoires","robots":{"index":"index","follow":"follow","max-snippet":"max-snippet:-1","max-image-preview":"max-image-preview:large","max-video-preview":"max-video-preview:-1"},"canonical":"https:\/\/cinier-b.com\/particuliers\/boutique\/nos-packs\/contre-la-peau-seche\/duo-douceur\/","og_locale":"fr_FR","og_type":"article","og_title":"Duo douceur - Particuliers - Cinier-B Laboratoires","og_description":"D\u00e9couvrez le coffret douceur : savon d\u2019Alep authentique et pain d\u2019argile pour une peau purifi\u00e9e et sublim\u00e9e.","og_url":"https:\/\/cinier-b.com\/particuliers\/boutique\/nos-packs\/contre-la-peau-seche\/duo-douceur\/","og_site_name":"Particuliers - Cinier-B Laboratoires","article_modified_time":"2026-04-29T08:34:28+00:00","og_image":[{"width":1080,"height":1080,"url":"https:\/\/cinier-b.com\/particuliers\/wp-content\/uploads\/2024\/12\/Un-diffuseur-12.png","type":"image\/png"}],"twitter_card":"summary_large_image","twitter_misc":{"Dur\u00e9e de lecture estim\u00e9e":"1 minute"},"schema":{"@context":"https:\/\/schema.org","@graph":[{"@type":"WebPage","@id":"https:\/\/cinier-b.com\/particuliers\/boutique\/nos-packs\/contre-la-peau-seche\/duo-douceur\/","url":"https:\/\/cinier-b.com\/particuliers\/boutique\/nos-packs\/contre-la-peau-seche\/duo-douceur\/","name":"Duo douceur - Particuliers - Cinier-B Laboratoires","isPartOf":{"@id":"https:\/\/cinier-b.com\/particuliers\/#website"},"primaryImageOfPage":{"@id":"https:\/\/cinier-b.com\/particuliers\/boutique\/nos-packs\/contre-la-peau-seche\/duo-douceur\/#primaryimage"},"image":{"@id":"https:\/\/cinier-b.com\/particuliers\/boutique\/nos-packs\/contre-la-peau-seche\/duo-douceur\/#primaryimage"},"thumbnailUrl":"https:\/\/cinier-b.com\/particuliers\/wp-content\/uploads\/2024\/12\/Un-diffuseur-12.png","datePublished":"2024-12-13T14:30:49+00:00","dateModified":"2026-04-29T08:34:28+00:00","breadcrumb":{"@id":"https:\/\/cinier-b.com\/particuliers\/boutique\/nos-packs\/contre-la-peau-seche\/duo-douceur\/#breadcrumb"},"inLanguage":"fr-FR","potentialAction":[{"@type":"ReadAction","target":["https:\/\/cinier-b.com\/particuliers\/boutique\/nos-packs\/contre-la-peau-seche\/duo-douceur\/"]}]},{"@type":"ImageObject","inLanguage":"fr-FR","@id":"https:\/\/cinier-b.com\/particuliers\/boutique\/nos-packs\/contre-la-peau-seche\/duo-douceur\/#primaryimage","url":"https:\/\/cinier-b.com\/particuliers\/wp-content\/uploads\/2024\/12\/Un-diffuseur-12.png","contentUrl":"https:\/\/cinier-b.com\/particuliers\/wp-content\/uploads\/2024\/12\/Un-diffuseur-12.png","width":1080,"height":1080},{"@type":"BreadcrumbList","@id":"https:\/\/cinier-b.com\/particuliers\/boutique\/nos-packs\/contre-la-peau-seche\/duo-douceur\/#breadcrumb","itemListElement":[{"@type":"ListItem","position":1,"name":"Accueil","item":"https:\/\/cinier-b.com\/particuliers\/soins-naturels-particuliers\/"},{"@type":"ListItem","position":2,"name":"Boutique","item":"https:\/\/cinier-b.com\/particuliers\/boutique\/"},{"@type":"ListItem","position":3,"name":"Duo douceur"}]},{"@type":"WebSite","@id":"https:\/\/cinier-b.com\/particuliers\/#website","url":"https:\/\/cinier-b.com\/particuliers\/","name":"Particuliers - Cinier-B Laboratoires","description":"Aromatherapie et podologie","potentialAction":[{"@type":"SearchAction","target":{"@type":"EntryPoint","urlTemplate":"https:\/\/cinier-b.com\/particuliers\/?s={search_term_string}"},"query-input":{"@type":"PropertyValueSpecification","valueRequired":true,"valueName":"search_term_string"}}],"inLanguage":"fr-FR"}]}},"_links":{"self":[{"href":"https:\/\/cinier-b.com\/particuliers\/wp-json\/wp\/v2\/product\/12146","targetHints":{"allow":["GET"]}}],"collection":[{"href":"https:\/\/cinier-b.com\/particuliers\/wp-json\/wp\/v2\/product"}],"about":[{"href":"https:\/\/cinier-b.com\/particuliers\/wp-json\/wp\/v2\/types\/product"}],"wp:featuredmedia":[{"embeddable":true,"href":"https:\/\/cinier-b.com\/particuliers\/wp-json\/wp\/v2\/media\/12147"}],"wp:attachment":[{"href":"https:\/\/cinier-b.com\/particuliers\/wp-json\/wp\/v2\/media?parent=12146"}],"wp:term":[{"taxonomy":"product_brand","embeddable":true,"href":"https:\/\/cinier-b.com\/particuliers\/wp-json\/wp\/v2\/product_brand?post=12146"},{"taxonomy":"product_cat","embeddable":true,"href":"https:\/\/cinier-b.com\/particuliers\/wp-json\/wp\/v2\/product_cat?post=12146"},{"taxonomy":"product_tag","embeddable":true,"href":"https:\/\/cinier-b.com\/particuliers\/wp-json\/wp\/v2\/product_tag?post=12146"}],"curies":[{"name":"wp","href":"https:\/\/api.w.org\/{rel}","templated":true}]}}