{"id":121,"date":"2009-01-21T19:14:28","date_gmt":"2009-01-21T18:14:28","guid":{"rendered":"http:\/\/particuliers.cinier-b.com\/produit\/argan-bio-vierge-1ere-pression-a-froid\/"},"modified":"2025-12-10T16:32:04","modified_gmt":"2025-12-10T15:32:04","slug":"huile-vegetale-argan-bio","status":"publish","type":"product","link":"https:\/\/cinier-b.com\/particuliers\/boutique\/soins-corporels-frictions-de-sante\/huiles-vegetales\/huiles-vegetales-pour-le-soin-et-la-beaute\/huile-vegetale-argan-bio\/","title":{"rendered":"Huile V\u00e9g\u00e9tale | ARGAN BIO | Pour Les Peaux S\u00e8ches"},"content":{"rendered":"<p>L&rsquo;huile d&rsquo;Argan BIO non raffin\u00e9e est extraite par pression des amandes ol\u00e9agineuses de l&rsquo;arganier (argania spinosa).<br \/>\nElle est 100% pure et naturelle sans aucun autre additif, origine Maroc.<\/p>\n<p>Riche en vitamine E et en acides gras insatur\u00e9s (plus de 80%), elle est id\u00e9ale pour les peaux s\u00e8ches, rid\u00e9es, d\u00e9vitalis\u00e9es. Fortifie les cheveux secs et ternes et les ongles cassants.<\/p>\n<p>Raffermissante, assouplissante, nutritive, cicatrisante, protectrice, adoucissante, elle contient \u00e9galement un st\u00e9rol qui lui conf\u00e8rerait une action r\u00e9paratrice et r\u00e9g\u00e9n\u00e9ratrice au niveau de la peau en cas de br\u00fblure ou de dermatoses.<\/p>\n<p><img decoding=\"async\" class=\" size-full wp-image-94\" src=\"https:\/\/cinier-b.com\/particuliers\/wp-content\/uploads\/2009\/01\/ECOCERT-AB.jpg\" alt=\"alt\" width=\"80\" height=\"31\" border=\"0\" srcset=\"https:\/\/cinier-b.com\/particuliers\/wp-content\/uploads\/2009\/01\/ECOCERT-AB.jpg 80w, https:\/\/cinier-b.com\/particuliers\/wp-content\/uploads\/2009\/01\/ECOCERT-AB-64x25.jpg 64w\" sizes=\"(max-width: 80px) 100vw, 80px\" \/>Les produits portant la mention BIO sont issus de l&rsquo;Agriculture Biologique et certifi\u00e9s par ECOCERT FR-BIO-01<\/p>\n<p>Nom INCI : <em>ARGANIA SPINOSA KERNEL OIL<\/em><\/p>\n<p>&nbsp;<\/p>\n<h4><\/h4>\n<p>&nbsp;<\/p>\n","protected":false},"excerpt":{"rendered":"<p><b>Id\u00e9ale pour les peaux s\u00e8ches, rid\u00e9es, d\u00e9vitalis\u00e9es. Fortifie les cheveux<\/b><\/p>\n<p><strong>Le + Cinier B :<\/strong><\/p>\n<ul>\n<li>Exp\u00e9di\u00e9 dans les 24h (sauf le weekend pardi !)<\/li>\n<\/ul>\n<ul>\n<li>Livraison standard en offerte \u00e0 partir de 60\u20ac d&rsquo;achats (France m\u00e9tropolitaine)<\/li>\n<\/ul>\n<p>Flacon verre capsule charni\u00e8re 50ml<\/p>\n","protected":false},"featured_media":9895,"template":"","meta":[],"product_brand":[],"product_cat":[37,39],"product_tag":[],"class_list":{"0":"post-121","1":"product","2":"type-product","3":"status-publish","4":"has-post-thumbnail","6":"product_cat-huiles-vegetales","7":"product_cat-huiles-vegetales-pour-le-soin-et-la-beaute","9":"first","10":"instock","11":"featured","12":"taxable","13":"shipping-taxable","14":"purchasable","15":"product-type-simple"},"yoast_head":"<!-- This site is optimized with the Yoast SEO plugin v25.5 - https:\/\/yoast.com\/wordpress\/plugins\/seo\/ -->\n<title>Huile V\u00e9g\u00e9tale d&#039;Argan Bio - Particuliers - Cinier-B Laboratoires<\/title>\n<meta name=\"description\" content=\"L&#039;huile d&#039;Argan BIO non raffin\u00e9e est extraite par pression des amandes ol\u00e9agineuses de l&#039;arganier (argania spinosa).Elle est 100% pure et naturelle sans aucun autre additif, origine Maroc.Riche en vitamine E et en acides gras insatur\u00e9s (plus de 80%), elle est id\u00e9ale pour les peaux s\u00e8ches, rid\u00e9es, d\u00e9vitalis\u00e9es. Fortifie les cheveux secs et ternes et les ongles cassants.\" \/>\n<meta name=\"robots\" content=\"index, follow, max-snippet:-1, max-image-preview:large, max-video-preview:-1\" \/>\n<link rel=\"canonical\" href=\"https:\/\/cinier-b.com\/particuliers\/boutique\/soins-corporels-frictions-de-sante\/huiles-vegetales\/huiles-vegetales-pour-le-soin-et-la-beaute\/huile-vegetale-argan-bio\/\" \/>\n<meta property=\"og:locale\" content=\"fr_FR\" \/>\n<meta property=\"og:type\" content=\"article\" \/>\n<meta property=\"og:title\" content=\"Huile V\u00e9g\u00e9tale d&#039;Argan Bio - Particuliers - Cinier-B Laboratoires\" \/>\n<meta property=\"og:description\" content=\"L&#039;huile d&#039;Argan BIO non raffin\u00e9e est extraite par pression des amandes ol\u00e9agineuses de l&#039;arganier (argania spinosa).Elle est 100% pure et naturelle sans aucun autre additif, origine Maroc.Riche en vitamine E et en acides gras insatur\u00e9s (plus de 80%), elle est id\u00e9ale pour les peaux s\u00e8ches, rid\u00e9es, d\u00e9vitalis\u00e9es. Fortifie les cheveux secs et ternes et les ongles cassants.\" \/>\n<meta property=\"og:url\" content=\"https:\/\/cinier-b.com\/particuliers\/boutique\/soins-corporels-frictions-de-sante\/huiles-vegetales\/huiles-vegetales-pour-le-soin-et-la-beaute\/huile-vegetale-argan-bio\/\" \/>\n<meta property=\"og:site_name\" content=\"Particuliers - Cinier-B Laboratoires\" \/>\n<meta property=\"article:modified_time\" content=\"2025-12-10T15:32:04+00:00\" \/>\n<meta property=\"og:image\" content=\"https:\/\/cinier-b.com\/particuliers\/wp-content\/uploads\/2009\/01\/HV-argan.png\" \/>\n\t<meta property=\"og:image:width\" content=\"1080\" \/>\n\t<meta property=\"og:image:height\" content=\"1080\" \/>\n\t<meta property=\"og:image:type\" content=\"image\/png\" \/>\n<meta name=\"twitter:card\" content=\"summary_large_image\" \/>\n<script type=\"application\/ld+json\" class=\"yoast-schema-graph\">{\"@context\":\"https:\/\/schema.org\",\"@graph\":[{\"@type\":\"WebPage\",\"@id\":\"https:\/\/cinier-b.com\/particuliers\/boutique\/soins-corporels-frictions-de-sante\/huiles-vegetales\/huiles-vegetales-pour-le-soin-et-la-beaute\/huile-vegetale-argan-bio\/\",\"url\":\"https:\/\/cinier-b.com\/particuliers\/boutique\/soins-corporels-frictions-de-sante\/huiles-vegetales\/huiles-vegetales-pour-le-soin-et-la-beaute\/huile-vegetale-argan-bio\/\",\"name\":\"Huile V\u00e9g\u00e9tale d'Argan Bio - Particuliers - Cinier-B Laboratoires\",\"isPartOf\":{\"@id\":\"https:\/\/cinier-b.com\/particuliers\/#website\"},\"primaryImageOfPage\":{\"@id\":\"https:\/\/cinier-b.com\/particuliers\/boutique\/soins-corporels-frictions-de-sante\/huiles-vegetales\/huiles-vegetales-pour-le-soin-et-la-beaute\/huile-vegetale-argan-bio\/#primaryimage\"},\"image\":{\"@id\":\"https:\/\/cinier-b.com\/particuliers\/boutique\/soins-corporels-frictions-de-sante\/huiles-vegetales\/huiles-vegetales-pour-le-soin-et-la-beaute\/huile-vegetale-argan-bio\/#primaryimage\"},\"thumbnailUrl\":\"https:\/\/cinier-b.com\/particuliers\/wp-content\/uploads\/2009\/01\/HV-argan.png\",\"datePublished\":\"2009-01-21T18:14:28+00:00\",\"dateModified\":\"2025-12-10T15:32:04+00:00\",\"description\":\"L'huile d'Argan BIO non raffin\u00e9e est extraite par pression des amandes ol\u00e9agineuses de l'arganier (argania spinosa).Elle est 100% pure et naturelle sans aucun autre additif, origine Maroc.Riche en vitamine E et en acides gras insatur\u00e9s (plus de 80%), elle est id\u00e9ale pour les peaux s\u00e8ches, rid\u00e9es, d\u00e9vitalis\u00e9es. Fortifie les cheveux secs et ternes et les ongles cassants.\",\"breadcrumb\":{\"@id\":\"https:\/\/cinier-b.com\/particuliers\/boutique\/soins-corporels-frictions-de-sante\/huiles-vegetales\/huiles-vegetales-pour-le-soin-et-la-beaute\/huile-vegetale-argan-bio\/#breadcrumb\"},\"inLanguage\":\"fr-FR\",\"potentialAction\":[{\"@type\":\"ReadAction\",\"target\":[\"https:\/\/cinier-b.com\/particuliers\/boutique\/soins-corporels-frictions-de-sante\/huiles-vegetales\/huiles-vegetales-pour-le-soin-et-la-beaute\/huile-vegetale-argan-bio\/\"]}]},{\"@type\":\"ImageObject\",\"inLanguage\":\"fr-FR\",\"@id\":\"https:\/\/cinier-b.com\/particuliers\/boutique\/soins-corporels-frictions-de-sante\/huiles-vegetales\/huiles-vegetales-pour-le-soin-et-la-beaute\/huile-vegetale-argan-bio\/#primaryimage\",\"url\":\"https:\/\/cinier-b.com\/particuliers\/wp-content\/uploads\/2009\/01\/HV-argan.png\",\"contentUrl\":\"https:\/\/cinier-b.com\/particuliers\/wp-content\/uploads\/2009\/01\/HV-argan.png\",\"width\":1080,\"height\":1080},{\"@type\":\"BreadcrumbList\",\"@id\":\"https:\/\/cinier-b.com\/particuliers\/boutique\/soins-corporels-frictions-de-sante\/huiles-vegetales\/huiles-vegetales-pour-le-soin-et-la-beaute\/huile-vegetale-argan-bio\/#breadcrumb\",\"itemListElement\":[{\"@type\":\"ListItem\",\"position\":1,\"name\":\"Accueil\",\"item\":\"https:\/\/cinier-b.com\/particuliers\/soins-naturels-particuliers\/\"},{\"@type\":\"ListItem\",\"position\":2,\"name\":\"Boutique\",\"item\":\"https:\/\/cinier-b.com\/particuliers\/boutique\/\"},{\"@type\":\"ListItem\",\"position\":3,\"name\":\"Huile V\u00e9g\u00e9tale | ARGAN BIO | Pour Les Peaux S\u00e8ches\"}]},{\"@type\":\"WebSite\",\"@id\":\"https:\/\/cinier-b.com\/particuliers\/#website\",\"url\":\"https:\/\/cinier-b.com\/particuliers\/\",\"name\":\"Particuliers - Cinier-B Laboratoires\",\"description\":\"Aromatherapie et podologie\",\"potentialAction\":[{\"@type\":\"SearchAction\",\"target\":{\"@type\":\"EntryPoint\",\"urlTemplate\":\"https:\/\/cinier-b.com\/particuliers\/?s={search_term_string}\"},\"query-input\":{\"@type\":\"PropertyValueSpecification\",\"valueRequired\":true,\"valueName\":\"search_term_string\"}}],\"inLanguage\":\"fr-FR\"}]}<\/script>\n<!-- \/ Yoast SEO plugin. -->","yoast_head_json":{"title":"Huile V\u00e9g\u00e9tale d'Argan Bio - Particuliers - Cinier-B Laboratoires","description":"L'huile d'Argan BIO non raffin\u00e9e est extraite par pression des amandes ol\u00e9agineuses de l'arganier (argania spinosa).Elle est 100% pure et naturelle sans aucun autre additif, origine Maroc.Riche en vitamine E et en acides gras insatur\u00e9s (plus de 80%), elle est id\u00e9ale pour les peaux s\u00e8ches, rid\u00e9es, d\u00e9vitalis\u00e9es. Fortifie les cheveux secs et ternes et les ongles cassants.","robots":{"index":"index","follow":"follow","max-snippet":"max-snippet:-1","max-image-preview":"max-image-preview:large","max-video-preview":"max-video-preview:-1"},"canonical":"https:\/\/cinier-b.com\/particuliers\/boutique\/soins-corporels-frictions-de-sante\/huiles-vegetales\/huiles-vegetales-pour-le-soin-et-la-beaute\/huile-vegetale-argan-bio\/","og_locale":"fr_FR","og_type":"article","og_title":"Huile V\u00e9g\u00e9tale d'Argan Bio - Particuliers - Cinier-B Laboratoires","og_description":"L'huile d'Argan BIO non raffin\u00e9e est extraite par pression des amandes ol\u00e9agineuses de l'arganier (argania spinosa).Elle est 100% pure et naturelle sans aucun autre additif, origine Maroc.Riche en vitamine E et en acides gras insatur\u00e9s (plus de 80%), elle est id\u00e9ale pour les peaux s\u00e8ches, rid\u00e9es, d\u00e9vitalis\u00e9es. Fortifie les cheveux secs et ternes et les ongles cassants.","og_url":"https:\/\/cinier-b.com\/particuliers\/boutique\/soins-corporels-frictions-de-sante\/huiles-vegetales\/huiles-vegetales-pour-le-soin-et-la-beaute\/huile-vegetale-argan-bio\/","og_site_name":"Particuliers - Cinier-B Laboratoires","article_modified_time":"2025-12-10T15:32:04+00:00","og_image":[{"width":1080,"height":1080,"url":"https:\/\/cinier-b.com\/particuliers\/wp-content\/uploads\/2009\/01\/HV-argan.png","type":"image\/png"}],"twitter_card":"summary_large_image","schema":{"@context":"https:\/\/schema.org","@graph":[{"@type":"WebPage","@id":"https:\/\/cinier-b.com\/particuliers\/boutique\/soins-corporels-frictions-de-sante\/huiles-vegetales\/huiles-vegetales-pour-le-soin-et-la-beaute\/huile-vegetale-argan-bio\/","url":"https:\/\/cinier-b.com\/particuliers\/boutique\/soins-corporels-frictions-de-sante\/huiles-vegetales\/huiles-vegetales-pour-le-soin-et-la-beaute\/huile-vegetale-argan-bio\/","name":"Huile V\u00e9g\u00e9tale d'Argan Bio - Particuliers - Cinier-B Laboratoires","isPartOf":{"@id":"https:\/\/cinier-b.com\/particuliers\/#website"},"primaryImageOfPage":{"@id":"https:\/\/cinier-b.com\/particuliers\/boutique\/soins-corporels-frictions-de-sante\/huiles-vegetales\/huiles-vegetales-pour-le-soin-et-la-beaute\/huile-vegetale-argan-bio\/#primaryimage"},"image":{"@id":"https:\/\/cinier-b.com\/particuliers\/boutique\/soins-corporels-frictions-de-sante\/huiles-vegetales\/huiles-vegetales-pour-le-soin-et-la-beaute\/huile-vegetale-argan-bio\/#primaryimage"},"thumbnailUrl":"https:\/\/cinier-b.com\/particuliers\/wp-content\/uploads\/2009\/01\/HV-argan.png","datePublished":"2009-01-21T18:14:28+00:00","dateModified":"2025-12-10T15:32:04+00:00","description":"L'huile d'Argan BIO non raffin\u00e9e est extraite par pression des amandes ol\u00e9agineuses de l'arganier (argania spinosa).Elle est 100% pure et naturelle sans aucun autre additif, origine Maroc.Riche en vitamine E et en acides gras insatur\u00e9s (plus de 80%), elle est id\u00e9ale pour les peaux s\u00e8ches, rid\u00e9es, d\u00e9vitalis\u00e9es. Fortifie les cheveux secs et ternes et les ongles cassants.","breadcrumb":{"@id":"https:\/\/cinier-b.com\/particuliers\/boutique\/soins-corporels-frictions-de-sante\/huiles-vegetales\/huiles-vegetales-pour-le-soin-et-la-beaute\/huile-vegetale-argan-bio\/#breadcrumb"},"inLanguage":"fr-FR","potentialAction":[{"@type":"ReadAction","target":["https:\/\/cinier-b.com\/particuliers\/boutique\/soins-corporels-frictions-de-sante\/huiles-vegetales\/huiles-vegetales-pour-le-soin-et-la-beaute\/huile-vegetale-argan-bio\/"]}]},{"@type":"ImageObject","inLanguage":"fr-FR","@id":"https:\/\/cinier-b.com\/particuliers\/boutique\/soins-corporels-frictions-de-sante\/huiles-vegetales\/huiles-vegetales-pour-le-soin-et-la-beaute\/huile-vegetale-argan-bio\/#primaryimage","url":"https:\/\/cinier-b.com\/particuliers\/wp-content\/uploads\/2009\/01\/HV-argan.png","contentUrl":"https:\/\/cinier-b.com\/particuliers\/wp-content\/uploads\/2009\/01\/HV-argan.png","width":1080,"height":1080},{"@type":"BreadcrumbList","@id":"https:\/\/cinier-b.com\/particuliers\/boutique\/soins-corporels-frictions-de-sante\/huiles-vegetales\/huiles-vegetales-pour-le-soin-et-la-beaute\/huile-vegetale-argan-bio\/#breadcrumb","itemListElement":[{"@type":"ListItem","position":1,"name":"Accueil","item":"https:\/\/cinier-b.com\/particuliers\/soins-naturels-particuliers\/"},{"@type":"ListItem","position":2,"name":"Boutique","item":"https:\/\/cinier-b.com\/particuliers\/boutique\/"},{"@type":"ListItem","position":3,"name":"Huile V\u00e9g\u00e9tale | ARGAN BIO | Pour Les Peaux S\u00e8ches"}]},{"@type":"WebSite","@id":"https:\/\/cinier-b.com\/particuliers\/#website","url":"https:\/\/cinier-b.com\/particuliers\/","name":"Particuliers - Cinier-B Laboratoires","description":"Aromatherapie et podologie","potentialAction":[{"@type":"SearchAction","target":{"@type":"EntryPoint","urlTemplate":"https:\/\/cinier-b.com\/particuliers\/?s={search_term_string}"},"query-input":{"@type":"PropertyValueSpecification","valueRequired":true,"valueName":"search_term_string"}}],"inLanguage":"fr-FR"}]}},"_links":{"self":[{"href":"https:\/\/cinier-b.com\/particuliers\/wp-json\/wp\/v2\/product\/121","targetHints":{"allow":["GET"]}}],"collection":[{"href":"https:\/\/cinier-b.com\/particuliers\/wp-json\/wp\/v2\/product"}],"about":[{"href":"https:\/\/cinier-b.com\/particuliers\/wp-json\/wp\/v2\/types\/product"}],"wp:featuredmedia":[{"embeddable":true,"href":"https:\/\/cinier-b.com\/particuliers\/wp-json\/wp\/v2\/media\/9895"}],"wp:attachment":[{"href":"https:\/\/cinier-b.com\/particuliers\/wp-json\/wp\/v2\/media?parent=121"}],"wp:term":[{"taxonomy":"product_brand","embeddable":true,"href":"https:\/\/cinier-b.com\/particuliers\/wp-json\/wp\/v2\/product_brand?post=121"},{"taxonomy":"product_cat","embeddable":true,"href":"https:\/\/cinier-b.com\/particuliers\/wp-json\/wp\/v2\/product_cat?post=121"},{"taxonomy":"product_tag","embeddable":true,"href":"https:\/\/cinier-b.com\/particuliers\/wp-json\/wp\/v2\/product_tag?post=121"}],"curies":[{"name":"wp","href":"https:\/\/api.w.org\/{rel}","templated":true}]}}