{"id":10711,"date":"2023-11-14T14:34:43","date_gmt":"2023-11-14T13:34:43","guid":{"rendered":"https:\/\/cinier-b.com\/particuliers\/?post_type=product&#038;p=10711"},"modified":"2025-02-25T14:49:53","modified_gmt":"2025-02-25T13:49:53","slug":"trio-deodorant-pieds","status":"publish","type":"product","link":"https:\/\/cinier-b.com\/particuliers\/boutique\/nos-packs\/decouvrez-nos-packs\/trio-deodorant-pieds\/","title":{"rendered":"TRIO D\u00e9odorant Pieds | D\u00e9odorant naturel pour pieds"},"content":{"rendered":"","protected":false},"excerpt":{"rendered":"<p>D\u00e9odorant 100% naturel d\u2019une efficacit\u00e9 exceptionnelle. <strong>4 jours d\u2019application pour 3 mois d\u2019efficacit\u00e9.\u00a0<\/strong>Il contient des huiles essentielles aux propri\u00e9t\u00e9s antiseptiques qui r\u00e9gulent la flore cutan\u00e9e de fa\u00e7on s\u00e9lective emp\u00eachant ainsi l\u2019apparition des mauvaises odeurs.<\/p>\n","protected":false},"featured_media":12354,"template":"","meta":[],"product_brand":[],"product_cat":[147,146,36],"product_tag":[],"class_list":{"0":"post-10711","1":"product","2":"type-product","3":"status-publish","4":"has-post-thumbnail","6":"product_cat-contre-la-transpiration","7":"product_cat-decouvrez-nos-packs","8":"product_cat-la-transpiration","10":"first","11":"instock","12":"sale","13":"taxable","14":"shipping-taxable","15":"purchasable","16":"product-type-simple"},"yoast_head":"<!-- This site is optimized with the Yoast SEO plugin v25.5 - https:\/\/yoast.com\/wordpress\/plugins\/seo\/ -->\n<title>TRIO D\u00e9odorant Pieds | D\u00e9odorant naturel pour pieds - Particuliers - Cinier-B Laboratoires<\/title>\n<meta name=\"robots\" content=\"index, follow, max-snippet:-1, max-image-preview:large, max-video-preview:-1\" \/>\n<link rel=\"canonical\" href=\"https:\/\/cinier-b.com\/particuliers\/boutique\/nos-packs\/decouvrez-nos-packs\/trio-deodorant-pieds\/\" \/>\n<meta property=\"og:locale\" content=\"fr_FR\" \/>\n<meta property=\"og:type\" content=\"article\" \/>\n<meta property=\"og:title\" content=\"TRIO D\u00e9odorant Pieds | D\u00e9odorant naturel pour pieds - Particuliers - Cinier-B Laboratoires\" \/>\n<meta property=\"og:description\" content=\"D\u00e9odorant 100% naturel d\u2019une efficacit\u00e9 exceptionnelle. 4 jours d\u2019application pour 3 mois d\u2019efficacit\u00e9.\u00a0Il contient des huiles essentielles aux propri\u00e9t\u00e9s antiseptiques qui r\u00e9gulent la flore cutan\u00e9e de fa\u00e7on s\u00e9lective emp\u00eachant ainsi l\u2019apparition des mauvaises odeurs.\" \/>\n<meta property=\"og:url\" content=\"https:\/\/cinier-b.com\/particuliers\/boutique\/nos-packs\/decouvrez-nos-packs\/trio-deodorant-pieds\/\" \/>\n<meta property=\"og:site_name\" content=\"Particuliers - Cinier-B Laboratoires\" \/>\n<meta property=\"article:modified_time\" content=\"2025-02-25T13:49:53+00:00\" \/>\n<meta property=\"og:image\" content=\"https:\/\/cinier-b.com\/particuliers\/wp-content\/uploads\/2023\/11\/les-packs-83.png\" \/>\n\t<meta property=\"og:image:width\" content=\"1080\" \/>\n\t<meta property=\"og:image:height\" content=\"1080\" \/>\n\t<meta property=\"og:image:type\" content=\"image\/png\" \/>\n<meta name=\"twitter:card\" content=\"summary_large_image\" \/>\n<script type=\"application\/ld+json\" class=\"yoast-schema-graph\">{\"@context\":\"https:\/\/schema.org\",\"@graph\":[{\"@type\":\"WebPage\",\"@id\":\"https:\/\/cinier-b.com\/particuliers\/boutique\/nos-packs\/decouvrez-nos-packs\/trio-deodorant-pieds\/\",\"url\":\"https:\/\/cinier-b.com\/particuliers\/boutique\/nos-packs\/decouvrez-nos-packs\/trio-deodorant-pieds\/\",\"name\":\"TRIO D\u00e9odorant Pieds | D\u00e9odorant naturel pour pieds - Particuliers - Cinier-B Laboratoires\",\"isPartOf\":{\"@id\":\"https:\/\/cinier-b.com\/particuliers\/#website\"},\"primaryImageOfPage\":{\"@id\":\"https:\/\/cinier-b.com\/particuliers\/boutique\/nos-packs\/decouvrez-nos-packs\/trio-deodorant-pieds\/#primaryimage\"},\"image\":{\"@id\":\"https:\/\/cinier-b.com\/particuliers\/boutique\/nos-packs\/decouvrez-nos-packs\/trio-deodorant-pieds\/#primaryimage\"},\"thumbnailUrl\":\"https:\/\/cinier-b.com\/particuliers\/wp-content\/uploads\/2023\/11\/les-packs-83.png\",\"datePublished\":\"2023-11-14T13:34:43+00:00\",\"dateModified\":\"2025-02-25T13:49:53+00:00\",\"breadcrumb\":{\"@id\":\"https:\/\/cinier-b.com\/particuliers\/boutique\/nos-packs\/decouvrez-nos-packs\/trio-deodorant-pieds\/#breadcrumb\"},\"inLanguage\":\"fr-FR\",\"potentialAction\":[{\"@type\":\"ReadAction\",\"target\":[\"https:\/\/cinier-b.com\/particuliers\/boutique\/nos-packs\/decouvrez-nos-packs\/trio-deodorant-pieds\/\"]}]},{\"@type\":\"ImageObject\",\"inLanguage\":\"fr-FR\",\"@id\":\"https:\/\/cinier-b.com\/particuliers\/boutique\/nos-packs\/decouvrez-nos-packs\/trio-deodorant-pieds\/#primaryimage\",\"url\":\"https:\/\/cinier-b.com\/particuliers\/wp-content\/uploads\/2023\/11\/les-packs-83.png\",\"contentUrl\":\"https:\/\/cinier-b.com\/particuliers\/wp-content\/uploads\/2023\/11\/les-packs-83.png\",\"width\":1080,\"height\":1080},{\"@type\":\"BreadcrumbList\",\"@id\":\"https:\/\/cinier-b.com\/particuliers\/boutique\/nos-packs\/decouvrez-nos-packs\/trio-deodorant-pieds\/#breadcrumb\",\"itemListElement\":[{\"@type\":\"ListItem\",\"position\":1,\"name\":\"Accueil\",\"item\":\"https:\/\/cinier-b.com\/particuliers\/soins-naturels-particuliers\/\"},{\"@type\":\"ListItem\",\"position\":2,\"name\":\"Boutique\",\"item\":\"https:\/\/cinier-b.com\/particuliers\/boutique\/\"},{\"@type\":\"ListItem\",\"position\":3,\"name\":\"TRIO D\u00e9odorant Pieds | D\u00e9odorant naturel pour pieds\"}]},{\"@type\":\"WebSite\",\"@id\":\"https:\/\/cinier-b.com\/particuliers\/#website\",\"url\":\"https:\/\/cinier-b.com\/particuliers\/\",\"name\":\"Particuliers - Cinier-B Laboratoires\",\"description\":\"Aromatherapie et podologie\",\"potentialAction\":[{\"@type\":\"SearchAction\",\"target\":{\"@type\":\"EntryPoint\",\"urlTemplate\":\"https:\/\/cinier-b.com\/particuliers\/?s={search_term_string}\"},\"query-input\":{\"@type\":\"PropertyValueSpecification\",\"valueRequired\":true,\"valueName\":\"search_term_string\"}}],\"inLanguage\":\"fr-FR\"}]}<\/script>\n<!-- \/ Yoast SEO plugin. -->","yoast_head_json":{"title":"TRIO D\u00e9odorant Pieds | D\u00e9odorant naturel pour pieds - Particuliers - Cinier-B Laboratoires","robots":{"index":"index","follow":"follow","max-snippet":"max-snippet:-1","max-image-preview":"max-image-preview:large","max-video-preview":"max-video-preview:-1"},"canonical":"https:\/\/cinier-b.com\/particuliers\/boutique\/nos-packs\/decouvrez-nos-packs\/trio-deodorant-pieds\/","og_locale":"fr_FR","og_type":"article","og_title":"TRIO D\u00e9odorant Pieds | D\u00e9odorant naturel pour pieds - Particuliers - Cinier-B Laboratoires","og_description":"D\u00e9odorant 100% naturel d\u2019une efficacit\u00e9 exceptionnelle. 4 jours d\u2019application pour 3 mois d\u2019efficacit\u00e9.\u00a0Il contient des huiles essentielles aux propri\u00e9t\u00e9s antiseptiques qui r\u00e9gulent la flore cutan\u00e9e de fa\u00e7on s\u00e9lective emp\u00eachant ainsi l\u2019apparition des mauvaises odeurs.","og_url":"https:\/\/cinier-b.com\/particuliers\/boutique\/nos-packs\/decouvrez-nos-packs\/trio-deodorant-pieds\/","og_site_name":"Particuliers - Cinier-B Laboratoires","article_modified_time":"2025-02-25T13:49:53+00:00","og_image":[{"width":1080,"height":1080,"url":"https:\/\/cinier-b.com\/particuliers\/wp-content\/uploads\/2023\/11\/les-packs-83.png","type":"image\/png"}],"twitter_card":"summary_large_image","schema":{"@context":"https:\/\/schema.org","@graph":[{"@type":"WebPage","@id":"https:\/\/cinier-b.com\/particuliers\/boutique\/nos-packs\/decouvrez-nos-packs\/trio-deodorant-pieds\/","url":"https:\/\/cinier-b.com\/particuliers\/boutique\/nos-packs\/decouvrez-nos-packs\/trio-deodorant-pieds\/","name":"TRIO D\u00e9odorant Pieds | D\u00e9odorant naturel pour pieds - Particuliers - Cinier-B Laboratoires","isPartOf":{"@id":"https:\/\/cinier-b.com\/particuliers\/#website"},"primaryImageOfPage":{"@id":"https:\/\/cinier-b.com\/particuliers\/boutique\/nos-packs\/decouvrez-nos-packs\/trio-deodorant-pieds\/#primaryimage"},"image":{"@id":"https:\/\/cinier-b.com\/particuliers\/boutique\/nos-packs\/decouvrez-nos-packs\/trio-deodorant-pieds\/#primaryimage"},"thumbnailUrl":"https:\/\/cinier-b.com\/particuliers\/wp-content\/uploads\/2023\/11\/les-packs-83.png","datePublished":"2023-11-14T13:34:43+00:00","dateModified":"2025-02-25T13:49:53+00:00","breadcrumb":{"@id":"https:\/\/cinier-b.com\/particuliers\/boutique\/nos-packs\/decouvrez-nos-packs\/trio-deodorant-pieds\/#breadcrumb"},"inLanguage":"fr-FR","potentialAction":[{"@type":"ReadAction","target":["https:\/\/cinier-b.com\/particuliers\/boutique\/nos-packs\/decouvrez-nos-packs\/trio-deodorant-pieds\/"]}]},{"@type":"ImageObject","inLanguage":"fr-FR","@id":"https:\/\/cinier-b.com\/particuliers\/boutique\/nos-packs\/decouvrez-nos-packs\/trio-deodorant-pieds\/#primaryimage","url":"https:\/\/cinier-b.com\/particuliers\/wp-content\/uploads\/2023\/11\/les-packs-83.png","contentUrl":"https:\/\/cinier-b.com\/particuliers\/wp-content\/uploads\/2023\/11\/les-packs-83.png","width":1080,"height":1080},{"@type":"BreadcrumbList","@id":"https:\/\/cinier-b.com\/particuliers\/boutique\/nos-packs\/decouvrez-nos-packs\/trio-deodorant-pieds\/#breadcrumb","itemListElement":[{"@type":"ListItem","position":1,"name":"Accueil","item":"https:\/\/cinier-b.com\/particuliers\/soins-naturels-particuliers\/"},{"@type":"ListItem","position":2,"name":"Boutique","item":"https:\/\/cinier-b.com\/particuliers\/boutique\/"},{"@type":"ListItem","position":3,"name":"TRIO D\u00e9odorant Pieds | D\u00e9odorant naturel pour pieds"}]},{"@type":"WebSite","@id":"https:\/\/cinier-b.com\/particuliers\/#website","url":"https:\/\/cinier-b.com\/particuliers\/","name":"Particuliers - Cinier-B Laboratoires","description":"Aromatherapie et podologie","potentialAction":[{"@type":"SearchAction","target":{"@type":"EntryPoint","urlTemplate":"https:\/\/cinier-b.com\/particuliers\/?s={search_term_string}"},"query-input":{"@type":"PropertyValueSpecification","valueRequired":true,"valueName":"search_term_string"}}],"inLanguage":"fr-FR"}]}},"_links":{"self":[{"href":"https:\/\/cinier-b.com\/particuliers\/wp-json\/wp\/v2\/product\/10711","targetHints":{"allow":["GET"]}}],"collection":[{"href":"https:\/\/cinier-b.com\/particuliers\/wp-json\/wp\/v2\/product"}],"about":[{"href":"https:\/\/cinier-b.com\/particuliers\/wp-json\/wp\/v2\/types\/product"}],"wp:featuredmedia":[{"embeddable":true,"href":"https:\/\/cinier-b.com\/particuliers\/wp-json\/wp\/v2\/media\/12354"}],"wp:attachment":[{"href":"https:\/\/cinier-b.com\/particuliers\/wp-json\/wp\/v2\/media?parent=10711"}],"wp:term":[{"taxonomy":"product_brand","embeddable":true,"href":"https:\/\/cinier-b.com\/particuliers\/wp-json\/wp\/v2\/product_brand?post=10711"},{"taxonomy":"product_cat","embeddable":true,"href":"https:\/\/cinier-b.com\/particuliers\/wp-json\/wp\/v2\/product_cat?post=10711"},{"taxonomy":"product_tag","embeddable":true,"href":"https:\/\/cinier-b.com\/particuliers\/wp-json\/wp\/v2\/product_tag?post=10711"}],"curies":[{"name":"wp","href":"https:\/\/api.w.org\/{rel}","templated":true}]}}