{"id":10675,"date":"2023-10-30T11:36:18","date_gmt":"2023-10-30T10:36:18","guid":{"rendered":"https:\/\/cinier-b.com\/particuliers\/?post_type=product&#038;p=10675"},"modified":"2024-12-02T10:01:11","modified_gmt":"2024-12-02T09:01:11","slug":"duo-transpiration","status":"publish","type":"product","link":"https:\/\/cinier-b.com\/particuliers\/boutique\/nos-packs\/decouvrez-nos-packs\/duo-transpiration\/","title":{"rendered":"Duo TRANSPIRATION"},"content":{"rendered":"<ul>\n<li><strong>48 H<\/strong> : D\u00e9odorant naturel aux huiles essentielles\u00a0 et extraits v\u00e9g\u00e9taux, sans sels d\u2019aluminium\u00a0 \u2013 sans colorants. Il convient \u00e0 toute la famille et vous prot\u00e8ge 48 heures.<\/li>\n<\/ul>\n<p>&nbsp;<\/p>\n<ul>\n<li><strong>Manidrol<\/strong> : Gr\u00e2ce \u00e0 sa formule enti\u00e8rement naturelle qui associe des extraits v\u00e9g\u00e9taux aux propri\u00e9t\u00e9s astringentes et des huiles essentielles aux propri\u00e9t\u00e9s r\u00e9gulatrices, Manidrol lutte efficacement contre les mains moites. De texture fine, il p\u00e9n\u00e8tre tr\u00e8s rapidement, ne colle pas, et laisse une agr\u00e9able sensation de fra\u00eecheur<em> (\u00a0Appliquer matin et soir ou plus si n\u00e9cessaire, surtout la premi\u00e8re semaine )<\/em><\/li>\n<\/ul>\n","protected":false},"excerpt":{"rendered":"<p>Duo transpiration main et corps<\/p>\n","protected":false},"featured_media":11659,"template":"","meta":[],"product_brand":[],"product_cat":[147,146,153,150,36],"product_tag":[],"class_list":{"0":"post-10675","1":"product","2":"type-product","3":"status-publish","4":"has-post-thumbnail","6":"product_cat-contre-la-transpiration","7":"product_cat-decouvrez-nos-packs","8":"product_cat-nos-packs","9":"product_cat-pour-les-sportifs","10":"product_cat-la-transpiration","12":"first","13":"instock","14":"sale","15":"taxable","16":"shipping-taxable","17":"purchasable","18":"product-type-simple"},"yoast_head":"<!-- This site is optimized with the Yoast SEO plugin v25.5 - https:\/\/yoast.com\/wordpress\/plugins\/seo\/ -->\n<title>Duo TRANSPIRATION - Particuliers - Cinier-B Laboratoires<\/title>\n<meta name=\"robots\" content=\"index, follow, max-snippet:-1, max-image-preview:large, max-video-preview:-1\" \/>\n<link rel=\"canonical\" href=\"https:\/\/cinier-b.com\/particuliers\/boutique\/nos-packs\/decouvrez-nos-packs\/duo-transpiration\/\" \/>\n<meta property=\"og:locale\" content=\"fr_FR\" \/>\n<meta property=\"og:type\" content=\"article\" \/>\n<meta property=\"og:title\" content=\"Duo TRANSPIRATION - Particuliers - Cinier-B Laboratoires\" \/>\n<meta property=\"og:description\" content=\"Duo transpiration main et corps\" \/>\n<meta property=\"og:url\" content=\"https:\/\/cinier-b.com\/particuliers\/boutique\/nos-packs\/decouvrez-nos-packs\/duo-transpiration\/\" \/>\n<meta property=\"og:site_name\" content=\"Particuliers - Cinier-B Laboratoires\" \/>\n<meta property=\"article:modified_time\" content=\"2024-12-02T09:01:11+00:00\" \/>\n<meta property=\"og:image\" content=\"https:\/\/cinier-b.com\/particuliers\/wp-content\/uploads\/2023\/10\/les-packs-67.png\" \/>\n\t<meta property=\"og:image:width\" content=\"1080\" \/>\n\t<meta property=\"og:image:height\" content=\"1080\" \/>\n\t<meta property=\"og:image:type\" content=\"image\/png\" \/>\n<meta name=\"twitter:card\" content=\"summary_large_image\" \/>\n<meta name=\"twitter:label1\" content=\"Dur\u00e9e de lecture estim\u00e9e\" \/>\n\t<meta name=\"twitter:data1\" content=\"1 minute\" \/>\n<script type=\"application\/ld+json\" class=\"yoast-schema-graph\">{\"@context\":\"https:\/\/schema.org\",\"@graph\":[{\"@type\":\"WebPage\",\"@id\":\"https:\/\/cinier-b.com\/particuliers\/boutique\/nos-packs\/decouvrez-nos-packs\/duo-transpiration\/\",\"url\":\"https:\/\/cinier-b.com\/particuliers\/boutique\/nos-packs\/decouvrez-nos-packs\/duo-transpiration\/\",\"name\":\"Duo TRANSPIRATION - Particuliers - Cinier-B Laboratoires\",\"isPartOf\":{\"@id\":\"https:\/\/cinier-b.com\/particuliers\/#website\"},\"primaryImageOfPage\":{\"@id\":\"https:\/\/cinier-b.com\/particuliers\/boutique\/nos-packs\/decouvrez-nos-packs\/duo-transpiration\/#primaryimage\"},\"image\":{\"@id\":\"https:\/\/cinier-b.com\/particuliers\/boutique\/nos-packs\/decouvrez-nos-packs\/duo-transpiration\/#primaryimage\"},\"thumbnailUrl\":\"https:\/\/cinier-b.com\/particuliers\/wp-content\/uploads\/2023\/10\/les-packs-67.png\",\"datePublished\":\"2023-10-30T10:36:18+00:00\",\"dateModified\":\"2024-12-02T09:01:11+00:00\",\"breadcrumb\":{\"@id\":\"https:\/\/cinier-b.com\/particuliers\/boutique\/nos-packs\/decouvrez-nos-packs\/duo-transpiration\/#breadcrumb\"},\"inLanguage\":\"fr-FR\",\"potentialAction\":[{\"@type\":\"ReadAction\",\"target\":[\"https:\/\/cinier-b.com\/particuliers\/boutique\/nos-packs\/decouvrez-nos-packs\/duo-transpiration\/\"]}]},{\"@type\":\"ImageObject\",\"inLanguage\":\"fr-FR\",\"@id\":\"https:\/\/cinier-b.com\/particuliers\/boutique\/nos-packs\/decouvrez-nos-packs\/duo-transpiration\/#primaryimage\",\"url\":\"https:\/\/cinier-b.com\/particuliers\/wp-content\/uploads\/2023\/10\/les-packs-67.png\",\"contentUrl\":\"https:\/\/cinier-b.com\/particuliers\/wp-content\/uploads\/2023\/10\/les-packs-67.png\",\"width\":1080,\"height\":1080},{\"@type\":\"BreadcrumbList\",\"@id\":\"https:\/\/cinier-b.com\/particuliers\/boutique\/nos-packs\/decouvrez-nos-packs\/duo-transpiration\/#breadcrumb\",\"itemListElement\":[{\"@type\":\"ListItem\",\"position\":1,\"name\":\"Accueil\",\"item\":\"https:\/\/cinier-b.com\/particuliers\/soins-naturels-particuliers\/\"},{\"@type\":\"ListItem\",\"position\":2,\"name\":\"Boutique\",\"item\":\"https:\/\/cinier-b.com\/particuliers\/boutique\/\"},{\"@type\":\"ListItem\",\"position\":3,\"name\":\"Duo TRANSPIRATION\"}]},{\"@type\":\"WebSite\",\"@id\":\"https:\/\/cinier-b.com\/particuliers\/#website\",\"url\":\"https:\/\/cinier-b.com\/particuliers\/\",\"name\":\"Particuliers - Cinier-B Laboratoires\",\"description\":\"Aromatherapie et podologie\",\"potentialAction\":[{\"@type\":\"SearchAction\",\"target\":{\"@type\":\"EntryPoint\",\"urlTemplate\":\"https:\/\/cinier-b.com\/particuliers\/?s={search_term_string}\"},\"query-input\":{\"@type\":\"PropertyValueSpecification\",\"valueRequired\":true,\"valueName\":\"search_term_string\"}}],\"inLanguage\":\"fr-FR\"}]}<\/script>\n<!-- \/ Yoast SEO plugin. -->","yoast_head_json":{"title":"Duo TRANSPIRATION - Particuliers - Cinier-B Laboratoires","robots":{"index":"index","follow":"follow","max-snippet":"max-snippet:-1","max-image-preview":"max-image-preview:large","max-video-preview":"max-video-preview:-1"},"canonical":"https:\/\/cinier-b.com\/particuliers\/boutique\/nos-packs\/decouvrez-nos-packs\/duo-transpiration\/","og_locale":"fr_FR","og_type":"article","og_title":"Duo TRANSPIRATION - Particuliers - Cinier-B Laboratoires","og_description":"Duo transpiration main et corps","og_url":"https:\/\/cinier-b.com\/particuliers\/boutique\/nos-packs\/decouvrez-nos-packs\/duo-transpiration\/","og_site_name":"Particuliers - Cinier-B Laboratoires","article_modified_time":"2024-12-02T09:01:11+00:00","og_image":[{"width":1080,"height":1080,"url":"https:\/\/cinier-b.com\/particuliers\/wp-content\/uploads\/2023\/10\/les-packs-67.png","type":"image\/png"}],"twitter_card":"summary_large_image","twitter_misc":{"Dur\u00e9e de lecture estim\u00e9e":"1 minute"},"schema":{"@context":"https:\/\/schema.org","@graph":[{"@type":"WebPage","@id":"https:\/\/cinier-b.com\/particuliers\/boutique\/nos-packs\/decouvrez-nos-packs\/duo-transpiration\/","url":"https:\/\/cinier-b.com\/particuliers\/boutique\/nos-packs\/decouvrez-nos-packs\/duo-transpiration\/","name":"Duo TRANSPIRATION - Particuliers - Cinier-B Laboratoires","isPartOf":{"@id":"https:\/\/cinier-b.com\/particuliers\/#website"},"primaryImageOfPage":{"@id":"https:\/\/cinier-b.com\/particuliers\/boutique\/nos-packs\/decouvrez-nos-packs\/duo-transpiration\/#primaryimage"},"image":{"@id":"https:\/\/cinier-b.com\/particuliers\/boutique\/nos-packs\/decouvrez-nos-packs\/duo-transpiration\/#primaryimage"},"thumbnailUrl":"https:\/\/cinier-b.com\/particuliers\/wp-content\/uploads\/2023\/10\/les-packs-67.png","datePublished":"2023-10-30T10:36:18+00:00","dateModified":"2024-12-02T09:01:11+00:00","breadcrumb":{"@id":"https:\/\/cinier-b.com\/particuliers\/boutique\/nos-packs\/decouvrez-nos-packs\/duo-transpiration\/#breadcrumb"},"inLanguage":"fr-FR","potentialAction":[{"@type":"ReadAction","target":["https:\/\/cinier-b.com\/particuliers\/boutique\/nos-packs\/decouvrez-nos-packs\/duo-transpiration\/"]}]},{"@type":"ImageObject","inLanguage":"fr-FR","@id":"https:\/\/cinier-b.com\/particuliers\/boutique\/nos-packs\/decouvrez-nos-packs\/duo-transpiration\/#primaryimage","url":"https:\/\/cinier-b.com\/particuliers\/wp-content\/uploads\/2023\/10\/les-packs-67.png","contentUrl":"https:\/\/cinier-b.com\/particuliers\/wp-content\/uploads\/2023\/10\/les-packs-67.png","width":1080,"height":1080},{"@type":"BreadcrumbList","@id":"https:\/\/cinier-b.com\/particuliers\/boutique\/nos-packs\/decouvrez-nos-packs\/duo-transpiration\/#breadcrumb","itemListElement":[{"@type":"ListItem","position":1,"name":"Accueil","item":"https:\/\/cinier-b.com\/particuliers\/soins-naturels-particuliers\/"},{"@type":"ListItem","position":2,"name":"Boutique","item":"https:\/\/cinier-b.com\/particuliers\/boutique\/"},{"@type":"ListItem","position":3,"name":"Duo TRANSPIRATION"}]},{"@type":"WebSite","@id":"https:\/\/cinier-b.com\/particuliers\/#website","url":"https:\/\/cinier-b.com\/particuliers\/","name":"Particuliers - Cinier-B Laboratoires","description":"Aromatherapie et podologie","potentialAction":[{"@type":"SearchAction","target":{"@type":"EntryPoint","urlTemplate":"https:\/\/cinier-b.com\/particuliers\/?s={search_term_string}"},"query-input":{"@type":"PropertyValueSpecification","valueRequired":true,"valueName":"search_term_string"}}],"inLanguage":"fr-FR"}]}},"_links":{"self":[{"href":"https:\/\/cinier-b.com\/particuliers\/wp-json\/wp\/v2\/product\/10675","targetHints":{"allow":["GET"]}}],"collection":[{"href":"https:\/\/cinier-b.com\/particuliers\/wp-json\/wp\/v2\/product"}],"about":[{"href":"https:\/\/cinier-b.com\/particuliers\/wp-json\/wp\/v2\/types\/product"}],"wp:featuredmedia":[{"embeddable":true,"href":"https:\/\/cinier-b.com\/particuliers\/wp-json\/wp\/v2\/media\/11659"}],"wp:attachment":[{"href":"https:\/\/cinier-b.com\/particuliers\/wp-json\/wp\/v2\/media?parent=10675"}],"wp:term":[{"taxonomy":"product_brand","embeddable":true,"href":"https:\/\/cinier-b.com\/particuliers\/wp-json\/wp\/v2\/product_brand?post=10675"},{"taxonomy":"product_cat","embeddable":true,"href":"https:\/\/cinier-b.com\/particuliers\/wp-json\/wp\/v2\/product_cat?post=10675"},{"taxonomy":"product_tag","embeddable":true,"href":"https:\/\/cinier-b.com\/particuliers\/wp-json\/wp\/v2\/product_tag?post=10675"}],"curies":[{"name":"wp","href":"https:\/\/api.w.org\/{rel}","templated":true}]}}