{"id":9,"date":"2007-07-07T09:54:06","date_gmt":"2007-07-07T08:54:06","guid":{"rendered":"http:\/\/particuliers.cinier-b.com\/la-diffusion-dhuiles-essentielles\/"},"modified":"2007-07-07T09:54:06","modified_gmt":"2007-07-07T08:54:06","slug":"la-diffusion-dhuiles-essentielles","status":"publish","type":"page","link":"https:\/\/cinier-b.com\/particuliers\/la-diffusion-dhuiles-essentielles\/","title":{"rendered":"La diffusion d&rsquo;huiles essentielles"},"content":{"rendered":"<p class=\"MsoNormal\" style=\"text-align: justify; margin: 0cm 0cm 0pt; tab-stops: 1.0cm 2.0cm 3.0cm 241.0pt;\"><span style=\"font-family: Arial; font-size: 9pt;\"><strong style=\"mso-bidi-font-weight: normal;\"><span style=\"font-family: Arial; font-size: 10pt; mso-bidi-font-size: 12.0pt;\">Pour cr\u00e9er un environnement sain et profiter des bienfaits des huiles essentielles rien de plus simple que de les faire diffuser dans l\u2019atmosph\u00e8re avec un diffuseur \u00e9lectrique sp\u00e9cifique.<\/span><\/strong><\/span><\/p>\n<p class=\"MsoNormal\" style=\"text-align: justify; margin: 0cm 0cm 0pt; tab-stops: 1.0cm 2.0cm 3.0cm 241.0pt;\"><span style=\"font-family: Arial; font-size: 9pt;\"><span style=\"color: #000000;\"><br \/><\/span><\/span><\/p>\n<p class=\"MsoNormal\" style=\"text-align: justify; margin: 0cm 0cm 0pt; tab-stops: 1.0cm 2.0cm 3.0cm 241.0pt;\"><span style=\"font-family: Arial; font-size: 9pt;\"><span style=\"color: #000000;\">Un diffuseur d\u2019ar\u00f4mes est un appareil \u00e9lectrique compos\u00e9 d\u2019une pompe \u00e0 air et d\u2019une verrerie sp\u00e9ciale permettant de diffuser dans l\u2019atmosph\u00e8re sans les chauffer de tr\u00e8s fines particules d\u2019huiles essentielles.<\/span><\/span><\/p>\n<p class=\"MsoNormal\" style=\"text-align: justify; margin: 0cm 0cm 0pt; tab-stops: 1.0cm 2.0cm 3.0cm 241.0pt;\"><span style=\"font-family: Arial; font-size: 9pt;\"><span style=\"color: #000000;\">Il cr\u00e9e ainsi un a\u00e9rosol par atomisation des huiles essentielles (micro-gouttelettes) et non des vapeurs d\u2019essences par chauffage.<\/span><\/span><\/p>\n<p class=\"MsoNormal\" style=\"text-align: justify; margin: 0cm 0cm 0pt; tab-stops: 1.0cm 2.0cm 3.0cm 241.0pt;\"><span style=\"font-family: Arial; font-size: 9pt;\"><span style=\"color: #000000;\"><br \/><\/span><\/span><\/p>\n<p class=\"MsoNormal\" style=\"text-align: justify; margin: 0cm 0cm 0pt; tab-stops: 1.0cm 2.0cm 3.0cm 241.0pt;\"><span style=\"font-family: Arial; font-size: 9pt;\"><span style=\"color: #000000;\">L\u2019a\u00e9rosol diffuse de fines particules d\u2019huiles essentielles naturellement riches en ions n\u00e9gatifs permettant ainsi de lutter efficacement contre les m\u00e9faits de la pollution.<\/span><\/span><\/p>\n<p class=\"MsoNormal\" style=\"text-align: justify; margin: 0cm 0cm 0pt; tab-stops: 1.0cm 2.0cm 3.0cm 241.0pt;\">\n<p class=\"MsoNormal\" style=\"text-align: justify; margin: 0cm 0cm 0pt; tab-stops: 1.0cm 2.0cm 3.0cm 241.0pt;\"><span style=\"font-family: Arial; font-size: 9pt;\"><span style=\"color: #000000;\"><span style=\"font-family: Arial; font-size: 9pt;\"><span style=\"color: #000000;\"><strong><br \/><\/strong><\/span><\/span><\/span><\/span><\/p>\n<p class=\"MsoNormal\" style=\"text-align: justify; margin: 0cm 0cm 0pt; tab-stops: 1.0cm 2.0cm 3.0cm 241.0pt;\"><span style=\"font-family: Arial; font-size: 9pt;\"><span style=\"color: #000000;\"><span style=\"font-family: Arial; font-size: 9pt;\"><span style=\"color: #000000;\"><strong>La verrerie a un r\u00f4le tr\u00e8s important dans la qualit\u00e9 de diffusion de l\u2019huile essentielle. Chacune de nos verreries est une pi\u00e8ce unique, souffl\u00e9e \u00e0 la bouche.<br \/><\/strong><\/span><\/span><\/span><\/span><\/p>\n<p class=\"MsoNormal\" style=\"text-align: justify; margin: 0cm 0cm 0pt; tab-stops: 1.0cm 2.0cm 3.0cm 241.0pt;\">\n<p class=\"MsoNormal\" style=\"text-align: justify; margin: 0cm 0cm 0pt; tab-stops: 1.0cm 2.0cm 3.0cm 241.0pt;\"><span style=\"font-family: Arial; font-size: 9pt;\"><span style=\"color: #000000;\"><br \/><\/span><\/span><\/p>\n<p class=\"MsoNormal\" style=\"text-align: justify; margin: 0cm 0cm 0pt; tab-stops: 1.0cm 2.0cm 3.0cm 241.0pt;\"><span style=\"font-family: Arial; font-size: 9pt;\"><span style=\"color: #000000;\">La diffusion des huiles essentielles 100% pures et naturelles est recommand\u00e9e pour purifier votre espace de vie, assainir l\u2019atmosph\u00e8re des locaux ou bureaux collectifs, soulager les affections respiratoires et parfumer votre int\u00e9rieur.<\/span><\/span><\/p>\n<p class=\"MsoNormal\" style=\"margin: 0cm 0cm 0pt; text-align: center;\"><span style=\"font-family: Arial; font-size: 9pt;\"><span style=\"color: #000000;\"><br \/><\/span><\/span><\/p>\n<p class=\"MsoNormal\" style=\"margin: 0cm 0cm 0pt; text-align: center;\"><span style=\"font-family: Arial; font-size: 9pt;\"><span style=\"color: #000000;\"><strong>Senteurs saines et vivifiantes de for\u00eat de pins, de garrigue, d\u2019orangeraie ou d\u2019\u00eeles lointaines.<\/strong><\/span><\/span><\/p>\n<p class=\"MsoNormal\" style=\"margin: 0cm 0cm 0pt; tab-stops: 1.0cm 2.0cm 3.0cm 241.0pt;\">\n","protected":false},"excerpt":{"rendered":"<p>Pour cr\u00e9er un environnement sain et profiter des bienfaits des huiles essentielles rien de plus simple que de les faire diffuser dans l\u2019atmosph\u00e8re avec un diffuseur \u00e9lectrique sp\u00e9cifique. Un diffuseur d\u2019ar\u00f4mes est un appareil \u00e9lectrique compos\u00e9 d\u2019une pompe \u00e0 air et d\u2019une verrerie sp\u00e9ciale permettant de diffuser dans l\u2019atmosph\u00e8re sans les chauffer de tr\u00e8s fines [&hellip;]<\/p>\n","protected":false},"author":2,"featured_media":0,"parent":0,"menu_order":2,"comment_status":"closed","ping_status":"closed","template":"","meta":{"footnotes":""},"class_list":["post-9","page","type-page","status-publish","hentry"],"yoast_head":"<!-- This site is optimized with the Yoast SEO plugin v25.5 - https:\/\/yoast.com\/wordpress\/plugins\/seo\/ -->\n<title>La diffusion d&#039;huiles essentielles - Particuliers - Cinier-B Laboratoires<\/title>\n<meta name=\"robots\" content=\"index, follow, max-snippet:-1, max-image-preview:large, max-video-preview:-1\" \/>\n<link rel=\"canonical\" href=\"https:\/\/cinier-b.com\/particuliers\/la-diffusion-dhuiles-essentielles\/\" \/>\n<meta property=\"og:locale\" content=\"fr_FR\" \/>\n<meta property=\"og:type\" content=\"article\" \/>\n<meta property=\"og:title\" content=\"La diffusion d&#039;huiles essentielles - Particuliers - Cinier-B Laboratoires\" \/>\n<meta property=\"og:description\" content=\"Pour cr\u00e9er un environnement sain et profiter des bienfaits des huiles essentielles rien de plus simple que de les faire diffuser dans l\u2019atmosph\u00e8re avec un diffuseur \u00e9lectrique sp\u00e9cifique. Un diffuseur d\u2019ar\u00f4mes est un appareil \u00e9lectrique compos\u00e9 d\u2019une pompe \u00e0 air et d\u2019une verrerie sp\u00e9ciale permettant de diffuser dans l\u2019atmosph\u00e8re sans les chauffer de tr\u00e8s fines [&hellip;]\" \/>\n<meta property=\"og:url\" content=\"https:\/\/cinier-b.com\/particuliers\/la-diffusion-dhuiles-essentielles\/\" \/>\n<meta property=\"og:site_name\" content=\"Particuliers - Cinier-B Laboratoires\" \/>\n<meta name=\"twitter:card\" content=\"summary_large_image\" \/>\n<meta name=\"twitter:label1\" content=\"Dur\u00e9e de lecture estim\u00e9e\" \/>\n\t<meta name=\"twitter:data1\" content=\"1 minute\" \/>\n<script type=\"application\/ld+json\" class=\"yoast-schema-graph\">{\"@context\":\"https:\/\/schema.org\",\"@graph\":[{\"@type\":\"WebPage\",\"@id\":\"https:\/\/cinier-b.com\/particuliers\/la-diffusion-dhuiles-essentielles\/\",\"url\":\"https:\/\/cinier-b.com\/particuliers\/la-diffusion-dhuiles-essentielles\/\",\"name\":\"La diffusion d'huiles essentielles - Particuliers - Cinier-B Laboratoires\",\"isPartOf\":{\"@id\":\"https:\/\/cinier-b.com\/particuliers\/#website\"},\"datePublished\":\"2007-07-07T08:54:06+00:00\",\"breadcrumb\":{\"@id\":\"https:\/\/cinier-b.com\/particuliers\/la-diffusion-dhuiles-essentielles\/#breadcrumb\"},\"inLanguage\":\"fr-FR\",\"potentialAction\":[{\"@type\":\"ReadAction\",\"target\":[\"https:\/\/cinier-b.com\/particuliers\/la-diffusion-dhuiles-essentielles\/\"]}]},{\"@type\":\"BreadcrumbList\",\"@id\":\"https:\/\/cinier-b.com\/particuliers\/la-diffusion-dhuiles-essentielles\/#breadcrumb\",\"itemListElement\":[{\"@type\":\"ListItem\",\"position\":1,\"name\":\"Accueil\",\"item\":\"https:\/\/cinier-b.com\/particuliers\/soins-naturels-particuliers\/\"},{\"@type\":\"ListItem\",\"position\":2,\"name\":\"La diffusion d&#8217;huiles essentielles\"}]},{\"@type\":\"WebSite\",\"@id\":\"https:\/\/cinier-b.com\/particuliers\/#website\",\"url\":\"https:\/\/cinier-b.com\/particuliers\/\",\"name\":\"Particuliers - Cinier-B Laboratoires\",\"description\":\"Aromatherapie et podologie\",\"potentialAction\":[{\"@type\":\"SearchAction\",\"target\":{\"@type\":\"EntryPoint\",\"urlTemplate\":\"https:\/\/cinier-b.com\/particuliers\/?s={search_term_string}\"},\"query-input\":{\"@type\":\"PropertyValueSpecification\",\"valueRequired\":true,\"valueName\":\"search_term_string\"}}],\"inLanguage\":\"fr-FR\"}]}<\/script>\n<!-- \/ Yoast SEO plugin. -->","yoast_head_json":{"title":"La diffusion d'huiles essentielles - Particuliers - Cinier-B Laboratoires","robots":{"index":"index","follow":"follow","max-snippet":"max-snippet:-1","max-image-preview":"max-image-preview:large","max-video-preview":"max-video-preview:-1"},"canonical":"https:\/\/cinier-b.com\/particuliers\/la-diffusion-dhuiles-essentielles\/","og_locale":"fr_FR","og_type":"article","og_title":"La diffusion d'huiles essentielles - Particuliers - Cinier-B Laboratoires","og_description":"Pour cr\u00e9er un environnement sain et profiter des bienfaits des huiles essentielles rien de plus simple que de les faire diffuser dans l\u2019atmosph\u00e8re avec un diffuseur \u00e9lectrique sp\u00e9cifique. Un diffuseur d\u2019ar\u00f4mes est un appareil \u00e9lectrique compos\u00e9 d\u2019une pompe \u00e0 air et d\u2019une verrerie sp\u00e9ciale permettant de diffuser dans l\u2019atmosph\u00e8re sans les chauffer de tr\u00e8s fines [&hellip;]","og_url":"https:\/\/cinier-b.com\/particuliers\/la-diffusion-dhuiles-essentielles\/","og_site_name":"Particuliers - Cinier-B Laboratoires","twitter_card":"summary_large_image","twitter_misc":{"Dur\u00e9e de lecture estim\u00e9e":"1 minute"},"schema":{"@context":"https:\/\/schema.org","@graph":[{"@type":"WebPage","@id":"https:\/\/cinier-b.com\/particuliers\/la-diffusion-dhuiles-essentielles\/","url":"https:\/\/cinier-b.com\/particuliers\/la-diffusion-dhuiles-essentielles\/","name":"La diffusion d'huiles essentielles - Particuliers - Cinier-B Laboratoires","isPartOf":{"@id":"https:\/\/cinier-b.com\/particuliers\/#website"},"datePublished":"2007-07-07T08:54:06+00:00","breadcrumb":{"@id":"https:\/\/cinier-b.com\/particuliers\/la-diffusion-dhuiles-essentielles\/#breadcrumb"},"inLanguage":"fr-FR","potentialAction":[{"@type":"ReadAction","target":["https:\/\/cinier-b.com\/particuliers\/la-diffusion-dhuiles-essentielles\/"]}]},{"@type":"BreadcrumbList","@id":"https:\/\/cinier-b.com\/particuliers\/la-diffusion-dhuiles-essentielles\/#breadcrumb","itemListElement":[{"@type":"ListItem","position":1,"name":"Accueil","item":"https:\/\/cinier-b.com\/particuliers\/soins-naturels-particuliers\/"},{"@type":"ListItem","position":2,"name":"La diffusion d&#8217;huiles essentielles"}]},{"@type":"WebSite","@id":"https:\/\/cinier-b.com\/particuliers\/#website","url":"https:\/\/cinier-b.com\/particuliers\/","name":"Particuliers - Cinier-B Laboratoires","description":"Aromatherapie et podologie","potentialAction":[{"@type":"SearchAction","target":{"@type":"EntryPoint","urlTemplate":"https:\/\/cinier-b.com\/particuliers\/?s={search_term_string}"},"query-input":{"@type":"PropertyValueSpecification","valueRequired":true,"valueName":"search_term_string"}}],"inLanguage":"fr-FR"}]}},"_links":{"self":[{"href":"https:\/\/cinier-b.com\/particuliers\/wp-json\/wp\/v2\/pages\/9","targetHints":{"allow":["GET"]}}],"collection":[{"href":"https:\/\/cinier-b.com\/particuliers\/wp-json\/wp\/v2\/pages"}],"about":[{"href":"https:\/\/cinier-b.com\/particuliers\/wp-json\/wp\/v2\/types\/page"}],"author":[{"embeddable":true,"href":"https:\/\/cinier-b.com\/particuliers\/wp-json\/wp\/v2\/users\/2"}],"replies":[{"embeddable":true,"href":"https:\/\/cinier-b.com\/particuliers\/wp-json\/wp\/v2\/comments?post=9"}],"version-history":[{"count":0,"href":"https:\/\/cinier-b.com\/particuliers\/wp-json\/wp\/v2\/pages\/9\/revisions"}],"wp:attachment":[{"href":"https:\/\/cinier-b.com\/particuliers\/wp-json\/wp\/v2\/media?parent=9"}],"curies":[{"name":"wp","href":"https:\/\/api.w.org\/{rel}","templated":true}]}}